{"id":3,"date":"2021-01-06T09:58:32","date_gmt":"2021-01-06T09:58:32","guid":{"rendered":"https:\/\/box2376\/cgi\/addon_GT.cgi?s=GT::WP::Install::EIG+%28cielosab%29+-+10.24.48.81+%5BWordpress%3b+\/var\/hp\/common\/lib\/Wordpress.pm%3b+294%3b+Hosting::gap_call%5D\/?page_id=3"},"modified":"2021-02-18T10:53:43","modified_gmt":"2021-02-18T18:53:43","slug":"privacy-policy","status":"publish","type":"page","link":"https:\/\/cielosabiertoschurch.com\/es\/privacy-policy\/","title":{"rendered":"Pol\u00edtica de privacidad"},"content":{"rendered":"<div data-elementor-type=\"wp-page\" data-elementor-id=\"3\" class=\"elementor elementor-3\" data-elementor-post-type=\"page\">\n\t\t\t\t\t\t<section class=\"elementor-section elementor-top-section elementor-element elementor-element-499c27b0 elementor-section-boxed elementor-section-height-default elementor-section-height-default\" data-id=\"499c27b0\" data-element_type=\"section\" data-e-type=\"section\" data-settings=\"{&quot;background_background&quot;:&quot;classic&quot;}\">\n\t\t\t\t\t\t<div class=\"elementor-container elementor-column-gap-default\">\n\t\t\t\t\t<div class=\"elementor-column elementor-col-100 elementor-top-column elementor-element elementor-element-30a7de05\" data-id=\"30a7de05\" data-element_type=\"column\" data-e-type=\"column\">\n\t\t\t<div class=\"elementor-widget-wrap elementor-element-populated\">\n\t\t\t\t\t\t<div class=\"elementor-element elementor-element-6bfcefe elementor-widget elementor-widget-heading\" data-id=\"6bfcefe\" data-element_type=\"widget\" data-e-type=\"widget\" data-widget_type=\"heading.default\">\n\t\t\t\t<div class=\"elementor-widget-container\">\n\t\t\t\t\t<h2 class=\"elementor-heading-title elementor-size-default\">Pol\u00edtica de privacidad<\/h2>\t\t\t\t<\/div>\n\t\t\t\t<\/div>\n\t\t\t\t<div class=\"elementor-element elementor-element-89639a9 elementor-widget elementor-widget-text-editor\" data-id=\"89639a9\" data-element_type=\"widget\" data-e-type=\"widget\" data-widget_type=\"text-editor.default\">\n\t\t\t\t<div class=\"elementor-widget-container\">\n\t\t\t\t\t\t\t\t\t<p class=\"p1\">Esta Pol\u00edtica de privacidad describe c\u00f3mo se recopila, utiliza y comparte su informaci\u00f3n personal cuando visita o realiza una compra en cielosabiertoschurch.com (el \"Sitio\").<\/p>\n<p class=\"p1\">\u00a0<\/p>\n<p class=\"p2\"><b>INFORMACI\u00d3N PERSONAL QUE RECOPILAMOS<\/b><\/p>\n<p class=\"p1\">Cuando visita el Sitio, recopilamos autom\u00e1ticamente cierta informaci\u00f3n sobre su dispositivo, incluida informaci\u00f3n sobre su navegador web, direcci\u00f3n IP, zona horaria y algunas de las cookies que est\u00e1n instaladas en su dispositivo. Adem\u00e1s, a medida que navega por el Sitio, recopilamos informaci\u00f3n sobre las p\u00e1ginas web o los productos individuales que ve, qu\u00e9 sitios web o t\u00e9rminos de b\u00fasqueda lo remitieron al Sitio e informaci\u00f3n sobre c\u00f3mo interact\u00faa con el Sitio. Nos referimos a esta informaci\u00f3n recopilada autom\u00e1ticamente como \"Informaci\u00f3n del dispositivo\".<\/p>\n<p class=\"p1\">\u00a0<\/p>\n<p class=\"p1\">Recopilamos informaci\u00f3n del dispositivo utilizando las siguientes tecnolog\u00edas:<\/p>\n<p class=\"p1\">\u00a0<\/p>\n<ul class=\"ul1\">\n<li class=\"li1\">Las \"cookies\" son archivos de datos que se colocan en su dispositivo o computadora y, a menudo, incluyen un identificador \u00fanico an\u00f3nimo. Para obtener m\u00e1s informaci\u00f3n sobre las cookies y c\u00f3mo deshabilitarlas, visite http:\/\/www.allaboutcookies.org.<\/li>\n<li class=\"li1\">Los \"archivos de registro\" rastrean las acciones que ocurren en el Sitio y recopilan datos, incluida su direcci\u00f3n IP, tipo de navegador, proveedor de servicios de Internet, p\u00e1ginas de referencia \/ salida y marcas de fecha \/ hora.<\/li>\n<li class=\"li1\">Las \"balizas web\", las \"etiquetas\" y los \"p\u00edxeles\" son archivos electr\u00f3nicos que se utilizan para registrar informaci\u00f3n sobre c\u00f3mo navega por el Sitio.<\/li>\n<\/ul>\n<p class=\"p1\">\u00a0<\/p>\n<p class=\"p1\">Adem\u00e1s, cuando realiza una compra o intenta realizar una compra a trav\u00e9s del Sitio, recopilamos cierta informaci\u00f3n suya, incluido su nombre, direcci\u00f3n de facturaci\u00f3n, direcci\u00f3n de env\u00edo, informaci\u00f3n de pago (incluidos n\u00fameros de tarjeta de cr\u00e9dito, direcci\u00f3n de correo electr\u00f3nico y n\u00famero de tel\u00e9fono. a esta informaci\u00f3n como \"Informaci\u00f3n de pedido\".<\/p>\n<p class=\"p1\">\u00a0<\/p>\n<p class=\"p1\">Cuando hablamos de \"Informaci\u00f3n personal\" en esta Pol\u00edtica de privacidad, estamos hablando tanto de Informaci\u00f3n del dispositivo como de Informaci\u00f3n de pedido.<\/p>\n<p>\u00a0<\/p>\n<p class=\"p1\"><strong>\u00bfCOMO USAMOS TU INFORMACI\u00d3N PERSONAL?<\/strong><\/p>\n<p class=\"p1\">Usamos la Informaci\u00f3n del pedido que recopilamos generalmente para cumplir con cualquier pedido realizado a trav\u00e9s del Sitio (incluido el procesamiento de su informaci\u00f3n de pago, la organizaci\u00f3n del env\u00edo y el suministro de facturas y \/ o confirmaciones de pedido). Adem\u00e1s, utilizamos esta informaci\u00f3n de pedido para:<\/p>\n<p>\u00a0<\/p>\n<ul class=\"ul1\">\n<li class=\"li1\">Comunicarse contigo;<\/li>\n<li class=\"li1\">Examinar nuestros pedidos para detectar posibles riesgos o fraudes;<\/li>\n<li class=\"li1\">Cuando est\u00e9 en consonancia con las preferencias que ha compartido con nosotros, proporcionarle informaci\u00f3n o publicidad relacionada con nuestros productos o servicios.<\/li>\n<\/ul>\n<p class=\"p1\">\u00a0<\/p>\n<p class=\"p1\">Usamos la Informaci\u00f3n del dispositivo que recopilamos para ayudarnos a detectar posibles riesgos y fraudes (en particular, su direcci\u00f3n IP) y, de manera m\u00e1s general, para mejorar y optimizar nuestro Sitio (por ejemplo, generando an\u00e1lisis sobre c\u00f3mo nuestros clientes navegan e interact\u00faan con el Sitio y para evaluar el \u00e9xito de nuestras campa\u00f1as de marketing y publicidad).<\/p>\n<p class=\"p1\">\u00a0<\/p>\n<p class=\"p1\">\u00a0<\/p>\n<p class=\"p2\"><b>COMPARTIENDO SU INFORMACI\u00d3N PERSONAL<\/b><\/p>\n<p class=\"p1\">Compartimos su informaci\u00f3n personal con terceros para ayudarnos a utilizar su informaci\u00f3n personal, como se describe anteriormente. Por ejemplo, utilizamos Google Analytics para ayudarnos a comprender c\u00f3mo nuestros clientes usan el Sitio; puede leer m\u00e1s sobre c\u00f3mo Google usa su informaci\u00f3n personal aqu\u00ed: https:\/\/www.google.com\/intl\/en\/policies\/privacy\/. Tambi\u00e9n puede excluirse de Google Analytics aqu\u00ed: https:\/\/tools.google.com\/dlpage\/gaoptout.<\/p>\n<p class=\"p1\">\u00a0<\/p>\n<p class=\"p1\">Finalmente, tambi\u00e9n podemos compartir su Informaci\u00f3n personal para cumplir con las leyes y regulaciones aplicables, para responder a una citaci\u00f3n, orden de registro u otra solicitud legal de informaci\u00f3n que recibimos, o para proteger nuestros derechos.<\/p>\n<p class=\"p1\">\u00a0<\/p>\n<p class=\"p1\">\u00a0<\/p>\n<p class=\"p2\"><b>PUBLICIDAD DE COMPORTAMIENTO<\/b><\/p>\n<p class=\"p1\">Como se describi\u00f3 anteriormente, utilizamos su informaci\u00f3n personal para proporcionarle anuncios o comunicaciones de marketing dirigidas que creemos que pueden ser de su inter\u00e9s. Para obtener m\u00e1s informaci\u00f3n sobre c\u00f3mo funciona la publicidad dirigida, puede visitar la p\u00e1gina educativa de Network Advertising Initiative (\"NAI\") en http:\/\/www.networkadvertising.org\/understanding-online-advertising\/how-does-it-work.<\/p>\n<p class=\"p1\">\u00a0<\/p>\n<p class=\"p1\">Puede optar por no recibir publicidad dirigida utilizando los enlaces a continuaci\u00f3n:<\/p>\n<p class=\"p1\">\u00a0<\/p>\n<ul>\n<li>Facebook: https:\/\/www.facebook.com\/settings\/?tab=ads<\/li>\n<li>Google: https:\/\/www.google.com\/settings\/ads\/anonymous<\/li>\n<li>Bing: https:\/\/advertise.bingads.microsoft.com\/en-us\/resources\/policies\/personalized-ads<\/li>\n<\/ul>\n<p class=\"p1\">\u00a0<\/p>\n<p class=\"p1\">Adem\u00e1s, puede optar por no participar en algunos de estos servicios visitando el portal de exclusi\u00f3n voluntaria de Digital Advertising Alliance en: http:\/\/optout.aboutads.info\/.<\/p>\n<p class=\"p1\">\u00a0<\/p>\n<p class=\"p2\"><b>NO SEGUIR<\/b><\/p>\n<p class=\"p1\">Tenga en cuenta que no modificamos las pr\u00e1cticas de uso y recopilaci\u00f3n de datos de nuestro Sitio cuando vemos una se\u00f1al de No rastrear desde su navegador.<\/p>\n<p class=\"p1\">\u00a0<\/p>\n<p class=\"p1\">\u00a0<\/p>\n<p class=\"p2\"><b>TUS DERECHOS<\/b><\/p>\n<p class=\"p1\">Si es residente europeo, tiene derecho a acceder a la informaci\u00f3n personal que tenemos sobre usted y a solicitar que se corrija, actualice o elimine su informaci\u00f3n personal. Si desea ejercer este derecho, comun\u00edquese con nosotros a trav\u00e9s de la informaci\u00f3n de contacto a continuaci\u00f3n.<\/p>\n<p class=\"p1\">\u00a0<\/p>\n<p class=\"p1\">Adem\u00e1s, si usted es un residente europeo, notamos que estamos procesando su informaci\u00f3n para cumplir con los contratos que podr\u00edamos tener con usted (por ejemplo, si realiza un pedido a trav\u00e9s del Sitio) o para perseguir nuestros intereses comerciales leg\u00edtimos enumerados anteriormente. Adem\u00e1s, tenga en cuenta que su informaci\u00f3n se transferir\u00e1 fuera de Europa, incluidos Canad\u00e1 y Estados Unidos.<\/p>\n<p class=\"p1\">\u00a0<\/p>\n<p class=\"p1\">\u00a0<\/p>\n<p class=\"p2\"><b>RETENCI\u00d3N DE DATOS<\/b><\/p>\n<p class=\"p1\">Cuando realiza un pedido a trav\u00e9s del Sitio, mantendremos su Informaci\u00f3n de pedido para nuestros registros a menos que y hasta que nos solicite que eliminemos esta informaci\u00f3n.<\/p>\n<p class=\"p1\">\u00a0<\/p>\n<p class=\"p1\">\u00a0<\/p>\n<p class=\"p2\"><b>CAMBIOS<\/b><\/p>\n<p class=\"p1\">Es posible que actualicemos esta pol\u00edtica de privacidad de vez en cuando para reflejar, por ejemplo, cambios en nuestras pr\u00e1cticas o por otras razones operativas, legales o reglamentarias.<\/p>\n<p class=\"p1\">\u00a0<\/p>\n<p class=\"p1\">\u00a0<\/p>\n<p class=\"p2\"><b>Menores<\/b><\/p>\n<p class=\"p1\">El Sitio no est\u00e1 destinado a personas menores de 13 a\u00f1os sin la supervisi\u00f3n de un padre o tutor.<\/p>\n<p class=\"p1\">\u00a0<\/p>\n<p class=\"p1\">\u00a0<\/p>\n<p class=\"p2\"><b>CONT\u00c1CTENOS<\/b><\/p>\n<p class=\"p1\">Para obtener m\u00e1s informaci\u00f3n sobre nuestras pr\u00e1cticas de privacidad, si tiene preguntas o si desea presentar una queja, comun\u00edquese con nosotros por correo electr\u00f3nico a support@cielosabiertoschurch.com o complete nuestro formulario de contacto  : <a href=\"https:\/\/cielosabiertoschurch.com\/es\/contact-us\/\">https:\/\/cielosabiertoschurch.com\/contact-us<\/a>.<\/p>\t\t\t\t\t\t\t\t<\/div>\n\t\t\t\t<\/div>\n\t\t\t\t\t<\/div>\n\t\t<\/div>\n\t\t\t\t\t<\/div>\n\t\t<\/section>\n\t\t\t\t<\/div>","protected":false},"excerpt":{"rendered":"<p>Privacy policy This Privacy Policy describes how your personal information is collected, used, and shared when you visit or make a purchase from cielosabiertoschurch.com (the \u201cSite\u201d). \u00a0 PERSONAL INFORMATION WE COLLECT When you visit the Site, we automatically collect certain information about your device, including information about your web browser, IP address, time zone, and&hellip; <a class=\"more-link\" href=\"https:\/\/cielosabiertoschurch.com\/es\/privacy-policy\/\">Seguir leyendo <span class=\"screen-reader-text\">Pol\u00edtica de privacidad<\/span><\/a><\/p>","protected":false},"author":1,"featured_media":0,"parent":0,"menu_order":0,"comment_status":"closed","ping_status":"open","template":"elementor_header_footer","meta":{"nf_dc_page":"","_monsterinsights_skip_tracking":false,"_monsterinsights_sitenote_active":false,"_monsterinsights_sitenote_note":"","_monsterinsights_sitenote_category":0,"footnotes":""},"class_list":["post-3","page","type-page","status-publish","hentry","entry"],"jetpack_sharing_enabled":true,"_links":{"self":[{"href":"https:\/\/cielosabiertoschurch.com\/es\/wp-json\/wp\/v2\/pages\/3","targetHints":{"allow":["GET"]}}],"collection":[{"href":"https:\/\/cielosabiertoschurch.com\/es\/wp-json\/wp\/v2\/pages"}],"about":[{"href":"https:\/\/cielosabiertoschurch.com\/es\/wp-json\/wp\/v2\/types\/page"}],"author":[{"embeddable":true,"href":"https:\/\/cielosabiertoschurch.com\/es\/wp-json\/wp\/v2\/users\/1"}],"replies":[{"embeddable":true,"href":"https:\/\/cielosabiertoschurch.com\/es\/wp-json\/wp\/v2\/comments?post=3"}],"version-history":[{"count":5,"href":"https:\/\/cielosabiertoschurch.com\/es\/wp-json\/wp\/v2\/pages\/3\/revisions"}],"predecessor-version":[{"id":780,"href":"https:\/\/cielosabiertoschurch.com\/es\/wp-json\/wp\/v2\/pages\/3\/revisions\/780"}],"wp:attachment":[{"href":"https:\/\/cielosabiertoschurch.com\/es\/wp-json\/wp\/v2\/media?parent=3"}],"curies":[{"name":"wp","href":"https:\/\/api.w.org\/{rel}","templated":true}]}}